{"id":8580,"date":"2022-07-16T16:25:04","date_gmt":"2022-07-16T14:25:04","guid":{"rendered":"https:\/\/www.apologeet.nl\/?page_id=8580"},"modified":"2025-02-01T15:24:42","modified_gmt":"2025-02-01T13:24:42","slug":"eo-beam-denkstof-misleiding","status":"publish","type":"page","link":"https:\/\/www.apologeet.nl\/en\/studies\/eo-beam-denkstof-misleiding\/","title":{"rendered":"EO Beam &#8211; Denkstof (misleiding)"},"content":{"rendered":"<p class=\"qtranxs-available-languages-message qtranxs-available-languages-message-en\">Sorry, this entry is only available in <a href=\"https:\/\/www.apologeet.nl\/nl\/wp-json\/wp\/v2\/pages\/8580\" class=\"qtranxs-available-language-link qtranxs-available-language-link-nl\" title=\"Nederlands\">Dutch<\/a>.<\/p><p class=\"\"><a href=\"https:\/\/odysee.com\/@TheJesusFandom:8\"  target=\"_blank\" class=\"no-icon\"><img loading=\"lazy\" src=\"https:\/\/i1.wp.com\/www.apologeet.nl\/wp-content\/uploads\/images\/studies\/logojesusfandom-transparant.png?resize=300%2C147&#038;ssl=1\" alt=\"The Jesus Fandom logo\" class=\"size-medium wp-image-8583\" width=\"300\" height=\"147\" style=\"float:right\" srcset=\"https:\/\/i1.wp.com\/www.apologeet.nl\/wp-content\/uploads\/images\/studies\/logojesusfandom-transparant.png?resize=300%2C147&amp;ssl=1 300w, https:\/\/i1.wp.com\/www.apologeet.nl\/wp-content\/uploads\/images\/studies\/logojesusfandom-transparant.png?resize=768%2C377&amp;ssl=1 768w, https:\/\/i1.wp.com\/www.apologeet.nl\/wp-content\/uploads\/images\/studies\/logojesusfandom-transparant.png?resize=1024%2C502&amp;ssl=1 1024w, https:\/\/i1.wp.com\/www.apologeet.nl\/wp-content\/uploads\/images\/studies\/logojesusfandom-transparant.png?w=1456&amp;ssl=1 1456w, https:\/\/i1.wp.com\/www.apologeet.nl\/wp-content\/uploads\/images\/studies\/logojesusfandom-transparant.png?w=1250&amp;ssl=1 1250w\" sizes=\"(max-width: 300px) 100vw, 300px\" data-recalc-dims=\"1\" \/><\/a>E\u00e9n van de belangrijkste dingen die christelijke ouders hun kinderen kunnen meegeven, is onderwijs over de grote vragen: Wie is God? Waarom bestaan wij? Hoe word ik gered? Vaak vinden ouders deze vragen zelf ook lastig, en laten ze dit liever aan derden over. Dat zijn immers experts en zullen het dus wel weten. Dit kan werken, maar je loopt ook het gevaar dat de onderwijzer valse leer verspreid. En dat is precies wat er gebeurt bij <a href=\"https:\/\/www.youtube.com\/c\/EOBEAM\" target=\"_blank\" title=\"EO Beam's YouTube pagina\">EO BEAM<\/a>. <\/p>\n\n<p class=\"\">BEAM is de jongerenafdeling van de EO (Evangelische Omroep). Op hun YouTubekanaal posten ze leuke en onderwijzende filmpjes voor christelijke jongeren, waaronder de serie Denkstof met theoloog Reinier Sonneveld.<\/p>\n\n<p class=\"\">In deze serie worden geloofsvragen beantwoord \u2013 maar gebeurt dat ook goed? Het antwoord daarop is nee! De leer die verkondigt wordt is ontzettend schadelijk voor tieners: God is onduidelijk, de hel is een vaag concept, als het om seks gaat moet je doen wat goed voelt, en de Bijbel is eigenlijk maar deels waar. <\/p>\n\n<p class=\"\">In deze serie behandeld <a href=\"https:\/\/odysee.com\/@TheJesusFandom:8\" target=\"_blank\" title=\"Ga naar het video kanaal van The Jesus Fandom\">\u2018The Jesus Fandom\u2019<\/a>, aan de hand van de Bijbel, \u00e9\u00e9n voor \u00e9\u00e9n elk van de <a href=\"https:\/\/www.youtube.com\/playlist?list=PLMmB6jKC0XQ054YtGOUQtRtazPIBbbe2r\" target=\"_blank\" title=\"YouTube playlist van denkstof\">20 Denkstof-filmpjes<\/a> en nodigt ze tieners uit om zelf onderzoek te doen en zelf te wandelen met God.<\/p>\n\n<h3>Index<\/h3>\n\n<ul class=\"a\">\n<li><a href=\"#deel-1\" class=\"scroll\">Deel 1 &#8211; Hoe EO BEAM jongeren misleidt<\/a><\/li>\n<li><a href=\"#deel-2\" class=\"scroll\">Deel 2 &#8211; Is de Bijbel wel te begrijpen? (EO Beam Denkstof reactie)<\/a><\/li>\n<li><a href=\"#deel-3\" class=\"scroll\">Deel 3 &#8211; Wat is het huwelijk? (reactie op EO BEAM Denkstof)<\/a><\/li>\n<li><a href=\"#deel-4\" class=\"scroll\">Deel 4 &#8211; Waarom zou je trouwen? (EO BEAM Denkstof reactie)<\/a><\/li>\n<li><a href=\"#deel-5\" class=\"scroll\">Deel 5 &#8211; Wat is het doel van het leven? (EO BEAM Denkstof reactie)<\/a><\/li>\n<li><a href=\"#deel-6\" class=\"scroll\">Deel 6 &#8211; Mag je als christen vlees eten? (EO BEAM Denkstof reactie)<\/a><\/li>\n<\/ul>\n\n<br>\n\n<hr>\n\n<br>\n\n<h1 id=\"deel-1\" class=\"multi\">Deel 1 &#8211; Hoe EO BEAM jongeren misleidt<\/h1>\n\n<div class=\"iframe-container\">\n<iframe id=\"lbry-iframe\" width=\"560\" height=\"315\" src=\"https:\/\/odysee.com\/$\/embed\/@TheJesusFandom:8\/EOBEAMmisleidtjongeren:0?r=AQoiSd3mPiLispWdi5GqzDdSobJHziF1\" allowfullscreen frameBorder=\"0\"><\/iframe>\n<\/div>\n\n<br id=\"deel-2\">\n\n<h1 class=\"multi\">Deel 2 &#8211; Is de Bijbel wel te begrijpen? (EO Beam Denkstof reactie)<\/h1>\n\n<div class=\"iframe-container\">\n<iframe id=\"lbry-iframe\" width=\"560\" height=\"315\" src=\"https:\/\/odysee.com\/$\/embed\/@TheJesusFandom:8\/isdebijbelduidelijk:7?r=AQoiSd3mPiLispWdi5GqzDdSobJHziF1\" allowfullscreen frameBorder=\"0\"><\/iframe>\n<\/div>\n\n<br id=\"deel-3\">\n\n<h1 class=\"multi\">Deel 3 &#8211; Wat is het huwelijk? (reactie op EO BEAM Denkstof)<\/h1>\n\n<div class=\"iframe-container\">\n<iframe id=\"lbry-iframe\" width=\"560\" height=\"315\" src=\"https:\/\/odysee.com\/$\/embed\/@TheJesusFandom:8\/watishethuwelijk:8?r=AQoiSd3mPiLispWdi5GqzDdSobJHziF1\" allowfullscreen frameBorder=\"0\"><\/iframe>\n<\/div>\n\n<br id=\"deel-4\">\n\n<h1 class=\"multi\">Deel 4 &#8211; Waarom zou je trouwen? (EO BEAM Denkstof reactie)<\/h1>\n\n<div class=\"iframe-container\">\n<iframe id=\"lbry-iframe\" width=\"560\" height=\"315\" src=\"https:\/\/odysee.com\/$\/embed\/@TheJesusFandom:8\/seksvoorhethuwelijk:c?r=AQoiSd3mPiLispWdi5GqzDdSobJHziF1\" allowfullscreen frameBorder=\"0\"><\/iframe>\n<\/div>\n\n<br id=\"deel-5\">\n\n<h1 class=\"multi\">Deel 5 &#8211; Wat is het doel van het leven? (EO BEAM Denkstof reactie)<\/h1>\n\n<div class=\"iframe-container\">\n<iframe id=\"lbry-iframe\" width=\"560\" height=\"315\" src=\"https:\/\/odysee.com\/$\/embed\/@TheJesusFandom:8\/doelvanhetleven:0?r=AQoiSd3mPiLispWdi5GqzDdSobJHziF1\" allowfullscreen frameBorder=\"0\"><\/iframe>\n<\/div>\n\n<br id=\"deel-6\">\n\n<h1 class=\"multi\">Deel 6 &#8211; Mag je als christen vlees eten? (EO BEAM Denkstof reactie)<\/h1>\n\n<div class=\"iframe-container\">\n<iframe id=\"lbry-iframe\" width=\"560\" height=\"315\" src=\"https:\/\/odysee.com\/$\/embed\/@TheJesusFandom:8\/vleeseten:0?r=AQoiSd3mPiLispWdi5GqzDdSobJHziF1\" allowfullscreen frameBorder=\"0\"><\/iframe>\n<\/div>\n\n<p class=\"\"><br><\/p>","protected":false},"excerpt":{"rendered":"<p>Sorry, this entry is only available in Dutch.E\u00e9n van de belangrijkste dingen die christelijke ouders hun kinderen kunnen meegeven, is onderwijs over de grote vragen: Wie is God? Waarom bestaan wij? Hoe word ik gered? Vaak vinden ouders deze vragen zelf ook lastig, en laten ze dit liever aan derden over. Dat zijn immers experts [&hellip;]<\/p>\n","protected":false},"author":1,"featured_media":8582,"parent":1147,"menu_order":0,"comment_status":"open","ping_status":"open","template":"","meta":{"spay_email":""},"categories":[225,307],"tags":[258,242,304,263],"folder":[305,102],"aioseo_notices":[],"jetpack_likes_enabled":true,"jetpack_sharing_enabled":true,"_links":{"self":[{"href":"https:\/\/www.apologeet.nl\/en\/wp-json\/wp\/v2\/pages\/8580"}],"collection":[{"href":"https:\/\/www.apologeet.nl\/en\/wp-json\/wp\/v2\/pages"}],"about":[{"href":"https:\/\/www.apologeet.nl\/en\/wp-json\/wp\/v2\/types\/page"}],"author":[{"embeddable":true,"href":"https:\/\/www.apologeet.nl\/en\/wp-json\/wp\/v2\/users\/1"}],"replies":[{"embeddable":true,"href":"https:\/\/www.apologeet.nl\/en\/wp-json\/wp\/v2\/comments?post=8580"}],"version-history":[{"count":0,"href":"https:\/\/www.apologeet.nl\/en\/wp-json\/wp\/v2\/pages\/8580\/revisions"}],"up":[{"embeddable":true,"href":"https:\/\/www.apologeet.nl\/en\/wp-json\/wp\/v2\/pages\/1147"}],"wp:featuredmedia":[{"embeddable":true,"href":"https:\/\/www.apologeet.nl\/en\/wp-json\/wp\/v2\/media\/8582"}],"wp:attachment":[{"href":"https:\/\/www.apologeet.nl\/en\/wp-json\/wp\/v2\/media?parent=8580"}],"wp:term":[{"taxonomy":"category","embeddable":true,"href":"https:\/\/www.apologeet.nl\/en\/wp-json\/wp\/v2\/categories?post=8580"},{"taxonomy":"post_tag","embeddable":true,"href":"https:\/\/www.apologeet.nl\/en\/wp-json\/wp\/v2\/tags?post=8580"},{"taxonomy":"folder","embeddable":true,"href":"https:\/\/www.apologeet.nl\/en\/wp-json\/wp\/v2\/folder?post=8580"}],"curies":[{"name":"wp","href":"https:\/\/api.w.org\/{rel}","templated":true}]}}